{"id":890,"date":"2020-11-19T04:25:14","date_gmt":"2020-11-19T04:25:14","guid":{"rendered":"https:\/\/source.wpopal.com\/triply\/?page_id=890"},"modified":"2025-02-12T21:46:45","modified_gmt":"2025-02-12T20:46:45","slug":"contact","status":"publish","type":"page","link":"https:\/\/www.agyadinotours.com\/fr\/contact\/","title":{"rendered":"Contact us"},"content":{"rendered":"<div data-elementor-type=\"wp-page\" data-elementor-id=\"890\" class=\"elementor elementor-890\" data-elementor-post-type=\"page\">\n\t\t\t\t\t\t<div class=\"elementor-section elementor-top-section elementor-element elementor-element-ba60d02 elementor-section-stretched elementor-section-boxed elementor-section-height-default elementor-section-height-default\" data-id=\"ba60d02\" data-element_type=\"section\" data-settings=\"{&quot;stretch_section&quot;:&quot;section-stretched&quot;,&quot;background_background&quot;:&quot;classic&quot;}\">\n\t\t\t\t\t\t<div class=\"elementor-container elementor-column-gap-no\">\n\t\t\t\t\t<div class=\"elementor-column elementor-col-50 elementor-top-column elementor-element elementor-element-f6ce288\" data-id=\"f6ce288\" data-element_type=\"column\" data-settings=\"{&quot;background_background&quot;:&quot;classic&quot;}\">\n\t\t\t<div class=\"elementor-widget-wrap elementor-element-populated\">\n\t\t\t\t\t\t<div class=\"elementor-element elementor-element-31a400b elementor-position-inline-start elementor-view-default elementor-mobile-position-block-start elementor-widget elementor-widget-icon-box\" data-id=\"31a400b\" data-element_type=\"widget\" data-widget_type=\"icon-box.default\">\n\t\t\t\t<div class=\"elementor-widget-container\">\n\t\t\t\t\t\t\t<div class=\"elementor-icon-box-wrapper\">\n\n\t\t\t\t\t\t<div class=\"elementor-icon-box-icon\">\n\t\t\t\t<span  class=\"elementor-icon\">\n\t\t\t\t<i aria-hidden=\"true\" class=\"triply-icon- triply-icon-location-circle\"><\/i>\t\t\t\t<\/span>\n\t\t\t<\/div>\n\t\t\t\n\t\t\t\t\t\t<div class=\"elementor-icon-box-content\">\n\n\t\t\t\t\t\t\t\t\t<h3 class=\"elementor-icon-box-title\">\n\t\t\t\t\t\t<span  >\n\t\t\t\t\t\t\tAddress\t\t\t\t\t\t<\/span>\n\t\t\t\t\t<\/h3>\n\t\t\t\t\n\t\t\t\t\t\t\t\t\t<p class=\"elementor-icon-box-description\">\n\t\t\t\t\t\tRoute of Oued Souss, Agadir 80000\t\t\t\t\t<\/p>\n\t\t\t\t\n\t\t\t<\/div>\n\t\t\t\n\t\t<\/div>\n\t\t\t\t\t\t<\/div>\n\t\t\t\t<\/div>\n\t\t\t\t<div class=\"elementor-element elementor-element-67a9c7a elementor-position-inline-start elementor-view-default elementor-mobile-position-block-start elementor-widget elementor-widget-icon-box\" data-id=\"67a9c7a\" data-element_type=\"widget\" data-widget_type=\"icon-box.default\">\n\t\t\t\t<div class=\"elementor-widget-container\">\n\t\t\t\t\t\t\t<div class=\"elementor-icon-box-wrapper\">\n\n\t\t\t\t\t\t<div class=\"elementor-icon-box-icon\">\n\t\t\t\t<a href=\"http:\/\/844180033355\" class=\"elementor-icon\" tabindex=\"-1\" aria-label=\"&lt;a href=&quot;\/fr\/ 212642127968\/&quot; &gt;\">\n\t\t\t\t<i aria-hidden=\"true\" class=\"triply-icon- triply-icon-phone-rotary\"><\/i>\t\t\t\t<\/a>\n\t\t\t<\/div>\n\t\t\t\n\t\t\t\t\t\t<div class=\"elementor-icon-box-content\">\n\n\t\t\t\t\t\t\t\t\t<h3 class=\"elementor-icon-box-title\">\n\t\t\t\t\t\t<a href=\"http:\/\/844180033355\" >\n\t\t\t\t\t\t\t<a href=\"\/fr\/ 212642127968\/\">\t\t\t\t\t\t<\/a>\n\t\t\t\t\t<\/h3>\n\t\t\t\t\n\t\t\t\t\t\t\t\t\t<p class=\"elementor-icon-box-description\">\n\t\t\t\t\t\t<a href=\"\/fr\/ 212642127968\/\" style=\"color:#000\"> +212642127968<\/a>\t\t\t\t\t<\/p>\n\t\t\t\t\n\t\t\t<\/div>\n\t\t\t\n\t\t<\/div>\n\t\t\t\t\t\t<\/div>\n\t\t\t\t<\/div>\n\t\t\t\t<div class=\"elementor-element elementor-element-50b3438 elementor-position-inline-start elementor-view-default elementor-mobile-position-block-start elementor-widget elementor-widget-icon-box\" data-id=\"50b3438\" data-element_type=\"widget\" data-widget_type=\"icon-box.default\">\n\t\t\t\t<div class=\"elementor-widget-container\">\n\t\t\t\t\t\t\t<div class=\"elementor-icon-box-wrapper\">\n\n\t\t\t\t\t\t<div class=\"elementor-icon-box-icon\">\n\t\t\t\t<a href=\"mailto:contact@example.com\" class=\"elementor-icon\" tabindex=\"-1\" aria-label=\"Email\">\n\t\t\t\t<i aria-hidden=\"true\" class=\"triply-icon- triply-icon-envelope-open\"><\/i>\t\t\t\t<\/a>\n\t\t\t<\/div>\n\t\t\t\n\t\t\t\t\t\t<div class=\"elementor-icon-box-content\">\n\n\t\t\t\t\t\t\t\t\t<h3 class=\"elementor-icon-box-title\">\n\t\t\t\t\t\t<a href=\"mailto:contact@example.com\" >\n\t\t\t\t\t\t\tEmail\t\t\t\t\t\t<\/a>\n\t\t\t\t\t<\/h3>\n\t\t\t\t\n\t\t\t\t\t\t\t\t\t<p class=\"elementor-icon-box-description\">\n\t\t\t\t\t\t<a href=\"mailto:contact@agyadino.com\">contact@agyadino.com<\/a>\t\t\t\t\t<\/p>\n\t\t\t\t\n\t\t\t<\/div>\n\t\t\t\n\t\t<\/div>\n\t\t\t\t\t\t<\/div>\n\t\t\t\t<\/div>\n\t\t\t\t<div class=\"elementor-element elementor-element-5e98565 elementor-position-inline-start elementor-view-default elementor-mobile-position-block-start elementor-widget elementor-widget-icon-box\" data-id=\"5e98565\" data-element_type=\"widget\" data-widget_type=\"icon-box.default\">\n\t\t\t\t<div class=\"elementor-widget-container\">\n\t\t\t\t\t\t\t<div class=\"elementor-icon-box-wrapper\">\n\n\t\t\t\t\t\t<div class=\"elementor-icon-box-icon\">\n\t\t\t\t<span  class=\"elementor-icon\">\n\t\t\t\t<i aria-hidden=\"true\" class=\"triply-icon- triply-icon-clock-time\"><\/i>\t\t\t\t<\/span>\n\t\t\t<\/div>\n\t\t\t\n\t\t\t\t\t\t<div class=\"elementor-icon-box-content\">\n\n\t\t\t\t\t\t\t\t\t<h3 class=\"elementor-icon-box-title\">\n\t\t\t\t\t\t<span  >\n\t\t\t\t\t\t\tBusiness Hours\t\t\t\t\t\t<\/span>\n\t\t\t\t\t<\/h3>\n\t\t\t\t\n\t\t\t\t\t\t\t\t\t<p class=\"elementor-icon-box-description\">\n\t\t\t\t\t\tMon- Sat: 09:00 AM - 22:00 PM\t\t\t\t\t<\/p>\n\t\t\t\t\n\t\t\t<\/div>\n\t\t\t\n\t\t<\/div>\n\t\t\t\t\t\t<\/div>\n\t\t\t\t<\/div>\n\t\t\t\t\t<\/div>\n\t\t<\/div>\n\t\t\t\t<div class=\"elementor-column elementor-col-50 elementor-top-column elementor-element elementor-element-4c2fee1\" data-id=\"4c2fee1\" data-element_type=\"column\">\n\t\t\t<div class=\"elementor-widget-wrap elementor-element-populated\">\n\t\t\t\t\t\t<div class=\"elementor-element elementor-element-bbf83b1 elementor-widget elementor-widget-heading\" data-id=\"bbf83b1\" data-element_type=\"widget\" data-widget_type=\"heading.default\">\n\t\t\t\t<div class=\"elementor-widget-container\">\n\t\t\t\t\t<h2 class=\"elementor-heading-title elementor-size-default\">Send us a message<\/h2>\t\t\t\t<\/div>\n\t\t\t\t<\/div>\n\t\t\t\t<div class=\"elementor-element elementor-element-ea152d8 elementor-button-align-start elementor-mobile-button-align-center elementor-widget elementor-widget-form\" data-id=\"ea152d8\" data-element_type=\"widget\" data-settings=\"{&quot;step_next_label&quot;:&quot;Next&quot;,&quot;step_previous_label&quot;:&quot;Previous&quot;,&quot;button_width&quot;:&quot;100&quot;,&quot;step_type&quot;:&quot;number_text&quot;,&quot;step_icon_shape&quot;:&quot;circle&quot;}\" data-widget_type=\"form.default\">\n\t\t\t\t<div class=\"elementor-widget-container\">\n\t\t\t\t\t\t\t<form class=\"elementor-form\" method=\"post\" name=\"New Form\" aria-label=\"New Form\" action=\"\">\n\t\t\t<input type=\"hidden\" name=\"post_id\" value=\"890\"\/>\n\t\t\t<input type=\"hidden\" name=\"form_id\" value=\"ea152d8\"\/>\n\t\t\t<input type=\"hidden\" name=\"referer_title\" value=\"Agyadino Tours\" \/>\n\n\t\t\t\n\t\t\t<div class=\"elementor-form-fields-wrapper elementor-labels-above\">\n\t\t\t\t\t\t\t\t<div class=\"elementor-field-type-text elementor-field-group elementor-column elementor-field-group-name elementor-col-100\">\n\t\t\t\t\t\t\t\t\t\t\t\t\t<input size=\"1\" type=\"text\" name=\"form_fields[name]\" id=\"form-field-name\" class=\"elementor-field elementor-size-sm  elementor-field-textual\" placeholder=\"Your name *\">\n\t\t\t\t\t\t\t\t\t\t\t<\/div>\n\t\t\t\t\t\t\t\t<div class=\"elementor-field-type-email elementor-field-group elementor-column elementor-field-group-email elementor-col-100 elementor-field-required\">\n\t\t\t\t\t\t\t\t\t\t\t\t\t<input size=\"1\" type=\"email\" name=\"form_fields[email]\" id=\"form-field-email\" class=\"elementor-field elementor-size-sm  elementor-field-textual\" placeholder=\"Your email *\" required=\"required\">\n\t\t\t\t\t\t\t\t\t\t\t<\/div>\n\t\t\t\t\t\t\t\t<div class=\"elementor-field-type-textarea elementor-field-group elementor-column elementor-field-group-message elementor-col-100\">\n\t\t\t\t\t<textarea class=\"elementor-field-textual elementor-field  elementor-size-sm\" name=\"form_fields[message]\" id=\"form-field-message\" rows=\"6\" placeholder=\"Message\"><\/textarea>\t\t\t\t<\/div>\n\t\t\t\t\t\t\t\t<div class=\"elementor-field-group elementor-column elementor-field-type-submit elementor-col-100 e-form__buttons\">\n\t\t\t\t\t<button class=\"elementor-button elementor-size-sm\" type=\"submit\">\n\t\t\t\t\t\t<span class=\"elementor-button-content-wrapper\">\n\t\t\t\t\t\t\t\t\t\t\t\t\t\t\t\t\t\t\t\t\t\t<span class=\"elementor-button-text\">Submit<\/span>\n\t\t\t\t\t\t\t\t\t\t\t\t\t<\/span>\n\t\t\t\t\t<\/button>\n\t\t\t\t<\/div>\n\t\t\t<\/div>\n\t\t<input type=\"hidden\" name=\"trp-form-language\" value=\"fr\"\/><\/form>\n\t\t\t\t\t\t<\/div>\n\t\t\t\t<\/div>\n\t\t\t\t\t<\/div>\n\t\t<\/div>\n\t\t\t\t\t<\/div>\n\t\t<\/div>\n\t\t\t\t<div class=\"elementor-section elementor-top-section elementor-element elementor-element-6c39a1f elementor-section-stretched elementor-section-boxed elementor-section-height-default elementor-section-height-default\" data-id=\"6c39a1f\" data-element_type=\"section\" data-settings=\"{&quot;stretch_section&quot;:&quot;section-stretched&quot;}\">\n\t\t\t\t\t\t<div class=\"elementor-container elementor-column-gap-no\">\n\t\t\t\t\t<div class=\"elementor-column elementor-col-100 elementor-top-column elementor-element elementor-element-572432e\" data-id=\"572432e\" data-element_type=\"column\">\n\t\t\t<div class=\"elementor-widget-wrap elementor-element-populated\">\n\t\t\t\t\t\t<div class=\"elementor-element elementor-element-bfb0610 elementor-widget elementor-widget-google_maps\" data-id=\"bfb0610\" data-element_type=\"widget\" data-widget_type=\"google_maps.default\">\n\t\t\t\t<div class=\"elementor-widget-container\">\n\t\t\t\t\t\t\t<div class=\"elementor-custom-embed\">\n\t\t\t<iframe loading=\"lazy\"\n\t\t\t\t\tsrc=\"https:\/\/maps.google.com\/maps?q=agyadino%20tours&#038;t=m&#038;z=15&#038;output=embed&#038;iwloc=near\"\n\t\t\t\t\ttitle=\"agyadino tours\"\n\t\t\t\t\taria-label=\"agyadino tours\"\n\t\t\t><\/iframe>\n\t\t<\/div>\n\t\t\t\t\t\t<\/div>\n\t\t\t\t<\/div>\n\t\t\t\t\t<\/div>\n\t\t<\/div>\n\t\t\t\t\t<\/div>\n\t\t<\/div>\n\t\t\t\t<\/div>","protected":false},"excerpt":{"rendered":"<p>Address Route of Oued Souss, Agadir 80000 +212642127968 Email contact@agyadino.com Business Hours Mon- Sat: 09:00 AM &#8211; 22:00 PM Send us a message<\/p>","protected":false},"author":4,"featured_media":12388,"parent":0,"menu_order":0,"comment_status":"closed","ping_status":"closed","template":"elementor_header_footer","meta":{"_joinchat":[],"footnotes":""},"class_list":["post-890","page","type-page","status-publish","has-post-thumbnail","hentry"],"yoast_head":"<!-- This site is optimized with the Yoast SEO Premium plugin v24.3 (Yoast SEO v26.8) - https:\/\/yoast.com\/product\/yoast-seo-premium-wordpress\/ -->\n<title>Contact us - Agyadino Tours<\/title>\n<meta name=\"robots\" content=\"index, follow, max-snippet:-1, max-image-preview:large, max-video-preview:-1\" \/>\n<link rel=\"canonical\" href=\"https:\/\/www.agyadinotours.com\/fr\/contact\/\" \/>\n<meta property=\"og:locale\" content=\"fr_FR\" \/>\n<meta property=\"og:type\" content=\"article\" \/>\n<meta property=\"og:title\" content=\"Contact us\" \/>\n<meta property=\"og:description\" content=\"Address Route of Oued Souss, Agadir 80000 +212642127968 Email contact@agyadino.com Business Hours Mon- Sat: 09:00 AM &#8211; 22:00 PM Send us a message\" \/>\n<meta property=\"og:url\" content=\"https:\/\/www.agyadinotours.com\/fr\/contact\/\" \/>\n<meta property=\"og:site_name\" content=\"Agyadino Tours\" \/>\n<meta property=\"article:publisher\" content=\"https:\/\/www.facebook.com\/profile.php?id=61556443893942&amp;mibextid=LQQJ4d\" \/>\n<meta property=\"article:modified_time\" content=\"2025-02-12T20:46:45+00:00\" \/>\n<meta property=\"og:image\" content=\"https:\/\/www.agyadinotours.com\/wp-content\/uploads\/2025\/01\/cropped-fav-icon.png\" \/>\n\t<meta property=\"og:image:width\" content=\"512\" \/>\n\t<meta property=\"og:image:height\" content=\"512\" \/>\n\t<meta property=\"og:image:type\" content=\"image\/png\" \/>\n<meta name=\"twitter:card\" content=\"summary_large_image\" \/>\n<meta name=\"twitter:label1\" content=\"Dur\u00e9e de lecture estim\u00e9e\" \/>\n\t<meta name=\"twitter:data1\" content=\"1 minute\" \/>\n<script type=\"application\/ld+json\" class=\"yoast-schema-graph\">{\"@context\":\"https:\/\/schema.org\",\"@graph\":[{\"@type\":[\"WebPage\",\"ContactPage\"],\"@id\":\"https:\/\/www.agyadinotours.com\/contact\/\",\"url\":\"https:\/\/www.agyadinotours.com\/contact\/\",\"name\":\"Contact us - Agyadino Tours\",\"isPartOf\":{\"@id\":\"https:\/\/www.agyadinotours.com\/#website\"},\"primaryImageOfPage\":{\"@id\":\"https:\/\/www.agyadinotours.com\/contact\/#primaryimage\"},\"image\":{\"@id\":\"https:\/\/www.agyadinotours.com\/contact\/#primaryimage\"},\"thumbnailUrl\":\"https:\/\/www.agyadinotours.com\/wp-content\/uploads\/2025\/01\/cropped-fav-icon.png\",\"datePublished\":\"2020-11-19T04:25:14+00:00\",\"dateModified\":\"2025-02-12T20:46:45+00:00\",\"breadcrumb\":{\"@id\":\"https:\/\/www.agyadinotours.com\/contact\/#breadcrumb\"},\"inLanguage\":\"fr-FR\",\"potentialAction\":[{\"@type\":\"ReadAction\",\"target\":[\"https:\/\/www.agyadinotours.com\/contact\/\"]}]},{\"@type\":\"ImageObject\",\"inLanguage\":\"fr-FR\",\"@id\":\"https:\/\/www.agyadinotours.com\/contact\/#primaryimage\",\"url\":\"https:\/\/www.agyadinotours.com\/wp-content\/uploads\/2025\/01\/cropped-fav-icon.png\",\"contentUrl\":\"https:\/\/www.agyadinotours.com\/wp-content\/uploads\/2025\/01\/cropped-fav-icon.png\",\"width\":512,\"height\":512},{\"@type\":\"BreadcrumbList\",\"@id\":\"https:\/\/www.agyadinotours.com\/contact\/#breadcrumb\",\"itemListElement\":[{\"@type\":\"ListItem\",\"position\":1,\"name\":\"Home\",\"item\":\"https:\/\/www.agyadinotours.com\/\"},{\"@type\":\"ListItem\",\"position\":2,\"name\":\"Contact us\"}]},{\"@type\":\"WebSite\",\"@id\":\"https:\/\/www.agyadinotours.com\/#website\",\"url\":\"https:\/\/www.agyadinotours.com\/\",\"name\":\"Agyadino Tours\",\"description\":\"Things To Do in Agadir &amp; Taghazout\",\"publisher\":{\"@id\":\"https:\/\/www.agyadinotours.com\/#organization\"},\"potentialAction\":[{\"@type\":\"SearchAction\",\"target\":{\"@type\":\"EntryPoint\",\"urlTemplate\":\"https:\/\/www.agyadinotours.com\/?s={search_term_string}\"},\"query-input\":{\"@type\":\"PropertyValueSpecification\",\"valueRequired\":true,\"valueName\":\"search_term_string\"}}],\"inLanguage\":\"fr-FR\"},{\"@type\":\"Organization\",\"@id\":\"https:\/\/www.agyadinotours.com\/#organization\",\"name\":\"TIWIZI\",\"alternateName\":\"TIWIZI\",\"url\":\"https:\/\/www.agyadinotours.com\/\",\"logo\":{\"@type\":\"ImageObject\",\"inLanguage\":\"fr-FR\",\"@id\":\"https:\/\/www.agyadinotours.com\/#\/schema\/logo\/image\/\",\"url\":\"https:\/\/www.agyadinotours.com\/wp-content\/uploads\/2025\/01\/Agyadino-2.png\",\"contentUrl\":\"https:\/\/www.agyadinotours.com\/wp-content\/uploads\/2025\/01\/Agyadino-2.png\",\"width\":708,\"height\":286,\"caption\":\"TIWIZI\"},\"image\":{\"@id\":\"https:\/\/www.agyadinotours.com\/#\/schema\/logo\/image\/\"},\"sameAs\":[\"https:\/\/www.facebook.com\/profile.php?id=61556443893942&mibextid=LQQJ4d\",\"https:\/\/www.instagram.com\/agyadino?igsh=MXJvMGNzazcwdGxneg&utm_source=qr\"],\"description\":\"Agyadino Tours offers unforgettable experiences in Agadir and surrounding areas. From desert adventures to cultural excursions, we ensure every trip is memorable. Our professional guides provide personalized tours with hassle-free hotel pick-up and flexible itineraries to suit your interests.\",\"email\":\"contact@agyadinotours.com\",\"telephone\":\"+212642127968\",\"legalName\":\"Agyadino Tours\",\"numberOfEmployees\":{\"@type\":\"QuantitativeValue\",\"minValue\":\"1\",\"maxValue\":\"10\"},\"publishingPrinciples\":\"https:\/\/www.agyadinotours.com\/about-us\/\",\"ethicsPolicy\":\"https:\/\/www.agyadinotours.com\/terms-and-conditions\/\",\"diversityPolicy\":\"https:\/\/www.agyadinotours.com\/privacy-policy\/\"}]}<\/script>\n<!-- \/ Yoast SEO Premium plugin. -->","yoast_head_json":{"title":"Contact us - Agyadino Tours","robots":{"index":"index","follow":"follow","max-snippet":"max-snippet:-1","max-image-preview":"max-image-preview:large","max-video-preview":"max-video-preview:-1"},"canonical":"https:\/\/www.agyadinotours.com\/fr\/contact\/","og_locale":"fr_FR","og_type":"article","og_title":"Contact us","og_description":"Address Route of Oued Souss, Agadir 80000 +212642127968 Email contact@agyadino.com Business Hours Mon- Sat: 09:00 AM &#8211; 22:00 PM Send us a message","og_url":"https:\/\/www.agyadinotours.com\/fr\/contact\/","og_site_name":"Agyadino Tours","article_publisher":"https:\/\/www.facebook.com\/profile.php?id=61556443893942&mibextid=LQQJ4d","article_modified_time":"2025-02-12T20:46:45+00:00","og_image":[{"width":512,"height":512,"url":"https:\/\/www.agyadinotours.com\/wp-content\/uploads\/2025\/01\/cropped-fav-icon.png","type":"image\/png"}],"twitter_card":"summary_large_image","twitter_misc":{"Dur\u00e9e de lecture estim\u00e9e":"1 minute"},"schema":{"@context":"https:\/\/schema.org","@graph":[{"@type":["WebPage","ContactPage"],"@id":"https:\/\/www.agyadinotours.com\/contact\/","url":"https:\/\/www.agyadinotours.com\/contact\/","name":"Contact us - Agyadino Tours","isPartOf":{"@id":"https:\/\/www.agyadinotours.com\/#website"},"primaryImageOfPage":{"@id":"https:\/\/www.agyadinotours.com\/contact\/#primaryimage"},"image":{"@id":"https:\/\/www.agyadinotours.com\/contact\/#primaryimage"},"thumbnailUrl":"https:\/\/www.agyadinotours.com\/wp-content\/uploads\/2025\/01\/cropped-fav-icon.png","datePublished":"2020-11-19T04:25:14+00:00","dateModified":"2025-02-12T20:46:45+00:00","breadcrumb":{"@id":"https:\/\/www.agyadinotours.com\/contact\/#breadcrumb"},"inLanguage":"fr-FR","potentialAction":[{"@type":"ReadAction","target":["https:\/\/www.agyadinotours.com\/contact\/"]}]},{"@type":"ImageObject","inLanguage":"fr-FR","@id":"https:\/\/www.agyadinotours.com\/contact\/#primaryimage","url":"https:\/\/www.agyadinotours.com\/wp-content\/uploads\/2025\/01\/cropped-fav-icon.png","contentUrl":"https:\/\/www.agyadinotours.com\/wp-content\/uploads\/2025\/01\/cropped-fav-icon.png","width":512,"height":512},{"@type":"BreadcrumbList","@id":"https:\/\/www.agyadinotours.com\/contact\/#breadcrumb","itemListElement":[{"@type":"ListItem","position":1,"name":"Home","item":"https:\/\/www.agyadinotours.com\/"},{"@type":"ListItem","position":2,"name":"Contact us"}]},{"@type":"WebSite","@id":"https:\/\/www.agyadinotours.com\/#website","url":"https:\/\/www.agyadinotours.com\/","name":"Agyadino Tours","description":"Things To Do in Agadir &amp; Taghazout","publisher":{"@id":"https:\/\/www.agyadinotours.com\/#organization"},"potentialAction":[{"@type":"SearchAction","target":{"@type":"EntryPoint","urlTemplate":"https:\/\/www.agyadinotours.com\/?s={search_term_string}"},"query-input":{"@type":"PropertyValueSpecification","valueRequired":true,"valueName":"search_term_string"}}],"inLanguage":"fr-FR"},{"@type":"Organization","@id":"https:\/\/www.agyadinotours.com\/#organization","name":"TIWIZI","alternateName":"TIWIZI","url":"https:\/\/www.agyadinotours.com\/","logo":{"@type":"ImageObject","inLanguage":"fr-FR","@id":"https:\/\/www.agyadinotours.com\/#\/schema\/logo\/image\/","url":"https:\/\/www.agyadinotours.com\/wp-content\/uploads\/2025\/01\/Agyadino-2.png","contentUrl":"https:\/\/www.agyadinotours.com\/wp-content\/uploads\/2025\/01\/Agyadino-2.png","width":708,"height":286,"caption":"TIWIZI"},"image":{"@id":"https:\/\/www.agyadinotours.com\/#\/schema\/logo\/image\/"},"sameAs":["https:\/\/www.facebook.com\/profile.php?id=61556443893942&mibextid=LQQJ4d","https:\/\/www.instagram.com\/agyadino?igsh=MXJvMGNzazcwdGxneg&utm_source=qr"],"description":"Agyadino Tours offre des exp\u00e9riences inoubliables \u00e0 Agadir et dans ses environs. Des aventures dans le d\u00e9sert aux excursions culturelles, nous veillons \u00e0 ce que chaque voyage soit m\u00e9morable. Nos guides professionnels offrent des visites personnalis\u00e9es avec prise en charge \u00e0 l'h\u00f4tel sans tracas et des itin\u00e9raires flexibles adapt\u00e9s \u00e0 vos int\u00e9r\u00eats.","email":"contact@agyadinotours.com","telephone":"+212642127968","legalName":"Agyadino Tours","numberOfEmployees":{"@type":"QuantitativeValue","minValue":"1","maxValue":"10"},"publishingPrinciples":"https:\/\/www.agyadinotours.com\/about-us\/","ethicsPolicy":"https:\/\/www.agyadinotours.com\/terms-and-conditions\/","diversityPolicy":"https:\/\/www.agyadinotours.com\/privacy-policy\/"}]}},"_links":{"self":[{"href":"https:\/\/www.agyadinotours.com\/fr\/wp-json\/wp\/v2\/pages\/890","targetHints":{"allow":["GET"]}}],"collection":[{"href":"https:\/\/www.agyadinotours.com\/fr\/wp-json\/wp\/v2\/pages"}],"about":[{"href":"https:\/\/www.agyadinotours.com\/fr\/wp-json\/wp\/v2\/types\/page"}],"author":[{"embeddable":true,"href":"https:\/\/www.agyadinotours.com\/fr\/wp-json\/wp\/v2\/users\/4"}],"replies":[{"embeddable":true,"href":"https:\/\/www.agyadinotours.com\/fr\/wp-json\/wp\/v2\/comments?post=890"}],"version-history":[{"count":0,"href":"https:\/\/www.agyadinotours.com\/fr\/wp-json\/wp\/v2\/pages\/890\/revisions"}],"wp:featuredmedia":[{"embeddable":true,"href":"https:\/\/www.agyadinotours.com\/fr\/wp-json\/wp\/v2\/media\/12388"}],"wp:attachment":[{"href":"https:\/\/www.agyadinotours.com\/fr\/wp-json\/wp\/v2\/media?parent=890"}],"curies":[{"name":"wp","href":"https:\/\/api.w.org\/{rel}","templated":true}]}}